{"id":461,"date":"2021-03-19T02:06:49","date_gmt":"2021-03-19T02:06:49","guid":{"rendered":"https:\/\/www.atelier-rosenau.de\/?page_id=347"},"modified":"2022-03-16T10:03:25","modified_gmt":"2022-03-16T09:03:25","slug":"agb","status":"publish","type":"page","link":"https:\/\/www.atelier-rosenau.de\/?page_id=461","title":{"rendered":"agb"},"content":{"rendered":"<div class=\"bm-builder clearfix \"><div id=\"\" class=\"module col-12 module-id-1647420998062 bm-wrap row-top row-left bm-wrap-height-auto\" data-module-col=\"12\" data-change-color=\"off\" data-backcolor=\"transparent\" data-frontcolor=\"\" data-logocolor=\"\" data-goto-top=\"off\" data-goto-top-spacing=\"0\" data-goto-disable-m=\"off\" data-groupsameheight=\"off\"><div class=\"module-inside group-inside\" style=\"--top-mod: 0px;--bottom-mod: 0px;--top-mod-m:0px;--bottom-mod-m:0px;\"><div id=\"\" class=\"module col-12 module-id-1647421116053\" data-module-col=\"12\"><div class=\"module-inside text-inside\" style=\"--top-mod: 0px;--bottom-mod: 0px;--top-mod-m:0px;--bottom-mod-m:0px;\"><div class=\"text_block_out\"  data-effect=\"standard\"><div class=\"text_block ux-mod-nobg\"><div class=\"text_block_inn\"><div id=\"text-1647421116053\" class=\"text_block_centered text_block_centered_enable_width\"  style=\"\"><p><a href=\"https:\/\/www.atelier-rosenau.de\">back &lt;&lt;<\/a><\/p><\/div><\/div><\/div><\/div><\/div><\/div><\/div><\/div><div id=\"\" class=\"module col-12 module-id-1647421168251 bm-wrap row-top row-left bm-wrap-height-auto\" data-module-col=\"12\" data-change-color=\"off\" data-backcolor=\"transparent\" data-frontcolor=\"\" data-logocolor=\"\" data-goto-top=\"off\" data-goto-top-spacing=\"0\" data-goto-disable-m=\"off\" data-groupsameheight=\"off\"><div class=\"module-inside group-inside\" style=\"--top-mod: 0px;--bottom-mod: 20px;--top-mod-m:0px;--bottom-mod-m:10px;\"><\/div><\/div><div id=\"\" class=\"module col-5 module-id-1647420952712\" data-module-col=\"5\"><div class=\"module-inside text-inside\" style=\"--top-mod: 0px;--bottom-mod: 0px;--top-mod-m:0px;--bottom-mod-m:0px;\"><div class=\"text_block_out\"  data-effect=\"standard\"><div class=\"text_block ux-mod-nobg\"><div class=\"text_block_inn\"><div id=\"text-1647420952712\" class=\"text_block_centered text_block_centered_enable_width\"  style=\"\"><h2>agb<\/h2><\/div><\/div><\/div><\/div><\/div><\/div><div id=\"\" class=\"module col-7 module-id-1647421068414\" data-module-col=\"7\"><div class=\"module-inside text-inside\" style=\"--top-mod: 20px;--bottom-mod: 0px;--top-mod-m:10px;--bottom-mod-m:0px;\"><div class=\"text_block_out\"  data-effect=\"standard\"><div class=\"text_block ux-mod-nobg\"><div class=\"text_block_inn\"><div id=\"text-1647421068414\" class=\"text_block_centered text_block_centered_enable_width\"  style=\"\"><h6>1. Allgemeines<\/h6>\n<p>1.1 F\u00fcr alle Vertr\u00e4ge \u00fcber Kommunikationsdesign-Leistungen zwischen der Design\u00adagentur atelier rosenau und dem Auftraggeber gelten ausschlie\u00dflich die nachfolgenden AGB. Sie gelten auch dann, wenn der Auftraggeber Allgemeine Gesch\u00e4ftsbedingungen verwendet und diese entgegenstehende oder von den hier aufgef\u00fchrten AGB abweichende Bedingungen enthalten. <br>1.2 Die AGB der Designagentur gelten auch, wenn die Designagentur in Kenntnis ent\u00adgegenstehender oder von den hier aufgef\u00fchrten Bedingungen abweichender Bedingungen des Auftraggebers den Auftrag vorbehaltlos ausf\u00fchrt. <br>1.3 Abweichungen von den hier aufgef\u00fchrten Bedingungen sind nur dann g\u00fcltig, wenn ihnen die Designagentur ausdr\u00fccklich schriftlich zustimmt.<\/p>\n<p>&nbsp;<\/p>\n<h6>2. Vertragsgegenstand<\/h6>\n<p>2.1 atelier rosenau schuldet keine Leistungen, die nicht ausdr\u00fccklich individuell vereinbart wurden. Druckdaten werden als druckf\u00e4hige PDFs an die Druckerei \u00fcbermittelt. Sogenannte \u201eoffene\u201c Daten werden nicht geliefert. <br>2.2 Geschuldet ist bez\u00fcglich Websites die Erarbeitung einer Konzeption, die grafische Gestaltung der mit dem Auftraggeber abgestimmten Konzeption sowie die technische Umsetzung und ggf. Programmierung nach dem jeweiligen Stand der Technik. Weiter\u00adgehende Leistungen bzgl. Pflege und Hosting m\u00fcssen gesondert vereinbart werden. <br>2.3 Schrift- oder sonstige Softwarelizenzen sind nicht im Angebot enthalten.<\/p>\n<p>&nbsp;<\/p>\n<h6>3. Verg\u00fctung und Abnahme<\/h6>\n<p>3.1 S\u00e4mtliche Leistungen, die die Designagentur f\u00fcr den Auftraggeber erbringt, sind kostenpflichtig, sofern nicht ausdr\u00fccklich etwas anderes vereinbart wird. W\u00fcnscht der Auftraggeber w\u00e4hrend oder nach Leistungserbringung der Designagentur Sonder- und\/oder Mehrleistungen der Designagentur, so folgt daraus eine erg\u00e4nzende Ver\u00adg\u00fctungspflicht.<\/p>\n<p>3.2 Die Verg\u00fctungen sind Nettobetr\u00e4ge und verstehen sich zuz\u00fcglich der gesetzlichen Mehrwertsteuer von 19\u2009%.<\/p>\n<p>3.3 Teil\u00adbetr\u00e4ge des Honorars werden nach Lieferung bzw. Fertigstellung oder im monatlichen Rhythmus abgerechnet. Rechnungen sind 14 Tage nach Erhalt ohne Abzug f\u00e4llig.<\/p>\n<p>3.4 Die Abnahme darf nicht aus gestalterisch-k\u00fcnstlerischen Gr\u00fcnden verweigert werden. M\u00e4ngelanspr\u00fcche hinsichtlich der k\u00fcnstlerischen Gestaltung sind ausgeschlossen.<\/p>\n<p>&nbsp;<\/p>\n<h6>4. Nutzungsrechte<\/h6>\n<p>Die Entw\u00fcrfe und Reinzeichnungen d\u00fcrfen nur f\u00fcr den vereinbarten Nutzungsumfang (zeitlich, r\u00e4umlich und inhaltlich) verwendet werden. Jede Nutzung \u00fcber den vereinbarten Nutzungsumfang (zeitlich, r\u00e4umlich und inhaltlich) hinaus ist in jedem Fall durch ein Nutzungshonorar gesondert zu verg\u00fcten. Jede auch nur teilweise Nachahmung eines rechtlich gesch\u00fctzten Entwurfs oder einer rechtlich gesch\u00fctzten Reinzeichnung ist unzul\u00e4ssig.<\/p>\n<p>&nbsp;<\/p>\n<h6>5. Namensnennungspflicht<\/h6>\n<p>Die Designagentur atelier rosenau ist auf oder in unmittelbarer N\u00e4he zu den Vervielf\u00e4ltigungsst\u00fccken und\/oder in unmittelbarem Zusammenhang mit der \u00f6ffentlichen Wiedergabe der Leistungen der Designagentur namentlich zu nennen, soweit eine Nennung nicht g\u00e4nzlich branchenun\u00fcblich ist.<\/p>\n<p>&nbsp;<\/p>\n<h6>6. Sonderleistungen, Neben- und Reisekosten<\/h6>\n<p>6.1 Im Angebot enthalten sind 2 Korrekturphasen. Korrekturen nach der 2. Korrekturphase sowie nachtr\u00e4gliche inhaltliche \u00c4nderungen (Autorenkorrekturen) oder \u00c4nderungen durch unredigierte Texte werden nach Aufwand berechnet. <br>6.2 Reisekosten, die im Zusammenhang mit dem Auftrag zu unternehmen und mit dem Auftraggeber abgesprochen sind, werden gesondert abgerechnet. <br>6.3 Kurierkosten werden nach Aufwand bzw. Entfernung abgerechnet.<\/p>\n<p>&nbsp;<\/p>\n<h6>7. Eigentum an Entw\u00fcrfen und Daten<\/h6>\n<p>7.1 An Entw\u00fcrfen und Reinzeichnungen werden nur Nutzungsrechte einger\u00e4umt, nicht jedoch das Eigentum \u00fcbertragen, falls nicht etwas anderes vereinbart wurde. <br>7.2 Hat die Designagentur dem Auftraggeber Daten und Dateien, insbesondere sogenannte \u201eoffene\u201c Dateien zur Verf\u00fcgung gestellt, d\u00fcrfen diese nur mit vorheriger Zustimmung des Designers ge\u00e4ndert werden.<\/p>\n<p>&nbsp;<\/p>\n<h6>8. Produktions\u00fcberwachung, Belegexemplare und Eigenwerbung<\/h6>\n<p>8.1 Die Produktions\u00fcberwachung (Druckabnahme) durch die Designagentur erfolgt nur aufgrund besonderer Vereinbarung und wird gesondert abgerechnet. <br>8.2 Nach Projektende erh\u00e4lt atelier rosenau bei Printprojekten 10 Belegexemplare. <br>8.3 Die Designagentur ist berechtigt, diese Muster und s\u00e4mtliche in Erf\u00fcllung des Vertrages entstehenden Arbeiten zum Zwecke der Eigenwerbung in s\u00e4mtlichen Medien unter namentlicher Nennung des Auftraggebers zu verwenden und auf das T\u00e4tigwerden f\u00fcr den Auftraggeber hinzuweisen, sofern die Designagentur nicht \u00fcber ein etwaiges entgegenstehendes Geheimhaltungsinteresse des Auftraggebers schriftlich in Kenntnis gesetzt wurde.<\/p>\n<p>&nbsp;<\/p>\n<h6>9. Termine und Haftung<\/h6>\n<p>9.1 Vor Projektbeginn wird ein Zeitplan vereinbart und festgesetzt. Werden vereinbarte Termine von Kundenseite nicht eingehalten, verschiebt sich der Liefertermin bzw. Termin f\u00fcr die zu erbringende Leistung um den jeweiligen Zeitraum der Versp\u00e4tung. Die Design\u00adagentur haftet nicht f\u00fcr Sch\u00e4den, die durch eine durch den Auftraggeber entstandene Verz\u00f6gerung entstehen. <br>9.2 F\u00fcr Auftr\u00e4ge, die im Namen und auf Rechnung des Auftraggebers an Dritte erteilt werden, \u00fcbernimmt die Designagentur gegen\u00fcber dem Auftraggeber keinerlei Haftung. <br>9.3 Der Auftraggeber versichert, dass er zur Verwendung aller atelier rosenau \u00fcbergebenen Vorlagen, Texte und Bilder berechtigt ist. Sollte er entgegen dieser Versicherung nicht zur Verwendung berechtigt sein, stellt der Auftraggeber die Designagentur von allen Ersatzanspr\u00fcchen Dritter frei. <br>9.4 Der Auftraggeber hat Entw\u00fcrfe oder Reinzeichnungen auf etwaige M\u00e4ngel (Richtigkeit von Bild, Text, Zahlen etc.) zu \u00fcberpr\u00fcfen und gegebenenfalls freizugeben. F\u00fcr solcherma\u00dfen vom Auftraggeber freigegebene Entw\u00fcrfe oder Reinzeichnungen entf\u00e4llt jede Haftung der Designagentur f\u00fcr erkennbare M\u00e4ngel. <br>9.5 Beanstandungen offensichtlicher M\u00e4ngel sind innerhalb von 14 Tagen nach Ablieferung des Werks schriftlich bei der Designagentur geltend zu machen. <br>9.6 Der Auftraggeber ist verpflichtet, die rechtliche Zul\u00e4ssigkeit der Entw\u00fcrfe und sonstigen Arbeiten selbstst\u00e4ndig und gewissenhaft pr\u00fcfen zu lassen, bevor er die Entw\u00fcrfe und sonstigen Arbeiten im gesch\u00e4ftlichen Verkehr verwendet. F\u00fcr die vom Auftraggeber zu vervielf\u00e4ltigenden und freigegebenen Arbeiten entf\u00e4llt jede weitergehende Haftung der Designagentur<\/p>\n<p>&nbsp;<\/p>\n<h6>10. Auftragsdauer, -erf\u00fcllung, R\u00fccktritt, Storno, K\u00fcndigung<\/h6>\n<p>10.1 Auftr\u00e4ge zur Schaffung einzelner Werke sind bei \u00dcbergabe erf\u00fcllt. Rahmen- oder Betreuungsvertr\u00e4ge enden mit dem vertraglich vereinbarten Datum und verl\u00e4ngern sich um den gleichen Zeitraum, wenn sie nicht unter Einhaltung einer Frist von drei Monaten zum Datum des Vertragsablaufes gek\u00fcndigt werden. <br>10.2 Storniert der Auftraggeber w\u00e4hrend der Gestaltungs- oder Ausf\u00fchrungsphase oder innerhalb einer aufrechten Rahmenvereinbarung durch Gr\u00fcnde, die nicht vom Grafik-Designer zu verantworten sind, den Auftrag, oder reduziert er den Auftragsumfang, verpflichtet er sich zur Verg\u00fctung des Gestaltungshonorares zuz\u00fcglich des bis dahin angefallenen Nebenleistungs- und Kostenaufwandes. Unabh\u00e4ngig davon ist der Grafik-Designer berechtigt, ein Entgelt f\u00fcr bereitgestellte und nicht genutzte Arbeitskapazit\u00e4t und allenfalls dadurch erlittenen Schaden dem Auftraggeber in Rechnung zu stellen. Die Verrechnung eines Nutzungsentgelts entf\u00e4llt, alle Rechte bleiben beim Grafik-Designer. <br>10.3 Der Grafik-Designer ist berechtigt, vom Vertrag zur\u00fcckzutreten, wenn der Auftraggeber die ihm obliegende Mitwirkungspflicht grob verletzt oder mit der Bezahlung eines f\u00e4llig gestellten Betrages in Verzug ist. Dies setzt die Androhung des R\u00fccktritts und Setzung einer vier Wochen nicht \u00fcberschreitenden Nachfrist voraus. Ein R\u00fccktrittsrecht besteht auch bei Er\u00f6ffnung eines Insolvenzverfahrens \u00fcber das Verm\u00f6gen des Auftraggebers. Auch in diesen beiden F\u00e4llen geb\u00fchrt dem Grafik-Designer die Verg\u00fctung des Gestaltungshonorares f\u00fcr alle begonnenen Arbeiten sowie des bis dahin angefallenen Nebenleistungs- und Kostenaufwandes.<\/p>\n<p>&nbsp;<\/p>\n<h6>11. Schlussbestimmungen<\/h6>\n<p>11.1 Erf\u00fcllungsort und Gerichtsstand ist der Sitz der Designagentur, wenn die Vertragsparteien Kaufleute, juristische Personen des \u00f6ffentlichen Rechts oder \u00f6ffentlich-rechtliches Sonderverm\u00f6gen sind, oder mindestens eine Partei keinen allgemeinen Gerichtsstand im Inland hat. <br>11.2 Es gilt das Recht der Bundesrepublik Deutschland.<\/p><\/div><\/div><\/div><\/div><\/div><\/div><div id=\"\" class=\"module col-12 module-id-1647421192858 bm-wrap row-top row-left bm-wrap-height-auto\" data-module-col=\"12\" data-change-color=\"off\" data-backcolor=\"transparent\" data-frontcolor=\"\" data-logocolor=\"\" data-goto-top=\"off\" data-goto-top-spacing=\"0\" data-goto-disable-m=\"off\" data-groupsameheight=\"off\"><div class=\"module-inside group-inside\" style=\"--top-mod: 0px;--bottom-mod: 0px;--top-mod-m:0px;--bottom-mod-m:0px;\"><div id=\"\" class=\"module col-12 module-id-1647421204495\" data-module-col=\"12\"><div class=\"module-inside text-inside\" style=\"--top-mod: 0px;--bottom-mod: 0px;--top-mod-m:0px;--bottom-mod-m:0px;\"><div class=\"text_block_out\"  data-effect=\"standard\"><div class=\"text_block ux-mod-nobg\"><div class=\"text_block_inn\"><div id=\"text-1647421204495\" class=\"text_block_centered text_block_centered_enable_width\"  style=\"\"><p><a href=\"https:\/\/www.atelier-rosenau.de\">back &lt;&lt;<\/a><\/p><\/div><\/div><\/div><\/div><\/div><\/div><\/div><\/div><\/div>","protected":false},"excerpt":{"rendered":"<p>back &lt;&lt;agb1. Allgemeines 1.1 F\u00fcr alle Vertr\u00e4ge \u00fcber Kommunikationsdesign-Leistungen zwischen &hellip;<\/p>\n","protected":false},"author":1,"featured_media":0,"parent":0,"menu_order":0,"comment_status":"closed","ping_status":"closed","template":"","meta":{"inline_featured_image":false,"footnotes":""},"class_list":["post-461","page","type-page","status-publish","hentry"],"_links":{"self":[{"href":"https:\/\/www.atelier-rosenau.de\/index.php?rest_route=\/wp\/v2\/pages\/461","targetHints":{"allow":["GET"]}}],"collection":[{"href":"https:\/\/www.atelier-rosenau.de\/index.php?rest_route=\/wp\/v2\/pages"}],"about":[{"href":"https:\/\/www.atelier-rosenau.de\/index.php?rest_route=\/wp\/v2\/types\/page"}],"author":[{"embeddable":true,"href":"https:\/\/www.atelier-rosenau.de\/index.php?rest_route=\/wp\/v2\/users\/1"}],"replies":[{"embeddable":true,"href":"https:\/\/www.atelier-rosenau.de\/index.php?rest_route=%2Fwp%2Fv2%2Fcomments&post=461"}],"version-history":[{"count":3,"href":"https:\/\/www.atelier-rosenau.de\/index.php?rest_route=\/wp\/v2\/pages\/461\/revisions"}],"predecessor-version":[{"id":1532,"href":"https:\/\/www.atelier-rosenau.de\/index.php?rest_route=\/wp\/v2\/pages\/461\/revisions\/1532"}],"wp:attachment":[{"href":"https:\/\/www.atelier-rosenau.de\/index.php?rest_route=%2Fwp%2Fv2%2Fmedia&parent=461"}],"curies":[{"name":"wp","href":"https:\/\/api.w.org\/{rel}","templated":true}]}}